{"id":93,"date":"2026-02-04T21:06:37","date_gmt":"2026-02-04T21:06:37","guid":{"rendered":"https:\/\/citeforet.fr\/?page_id=93"},"modified":"2026-02-08T18:32:22","modified_gmt":"2026-02-08T18:32:22","slug":"reseau-et-partenaires","status":"publish","type":"page","link":"https:\/\/citeforet.fr\/index.php\/reseau-et-partenaires\/","title":{"rendered":"r\u00e9seaux et partenaires"},"content":{"rendered":"\n<p><strong>R\u00e9seaux <\/strong><\/p>\n\n\n\n<p><em>\u00c9cole \u00e9l\u00e9mentaire du Parangon, Joinville-le-Pont &#8211; niveau 3 du label E3D (d\u00e9veloppement durable dans les \u00e9coles)<\/em> <\/p>\n\n\n\n<p><em>\u00c9cole maternelle Simone Veil, Joinville-le-Pont &#8211; niveau XX du label E3D <\/em><\/p>\n\n\n\n<p><strong>Partenaires <\/strong><\/p>\n\n\n\n<div class=\"wp-block-media-text is-stacked-on-mobile\" style=\"grid-template-columns:19% auto\"><figure class=\"wp-block-media-text__media\"><img loading=\"lazy\" decoding=\"async\" width=\"891\" height=\"900\" src=\"https:\/\/citeforet.fr\/wp-content\/uploads\/2026\/02\/891px-Logo_Joinville-le-Pont.svg_.png\" alt=\"\" class=\"wp-image-100 size-full\" srcset=\"https:\/\/citeforet.fr\/wp-content\/uploads\/2026\/02\/891px-Logo_Joinville-le-Pont.svg_.png 891w, https:\/\/citeforet.fr\/wp-content\/uploads\/2026\/02\/891px-Logo_Joinville-le-Pont.svg_-297x300.png 297w, https:\/\/citeforet.fr\/wp-content\/uploads\/2026\/02\/891px-Logo_Joinville-le-Pont.svg_-768x776.png 768w\" sizes=\"auto, (max-width: 891px) 100vw, 891px\" \/><\/figure><div class=\"wp-block-media-text__content\">\n<p>Tous nos remerciements aux \u00e9lus et aux personnes des services techniques pour leur soutien \u00e0 Joinville Cit\u00e9 for\u00eat d\u00e8s sa cr\u00e9ation ! <\/p>\n<\/div><\/div>\n\n\n\n<div class=\"wp-block-media-text is-stacked-on-mobile\" style=\"grid-template-columns:20% auto\"><figure class=\"wp-block-media-text__media\"><img loading=\"lazy\" decoding=\"async\" width=\"300\" height=\"254\" src=\"https:\/\/citeforet.fr\/wp-content\/uploads\/2026\/02\/300px-Logo_Paris_Est_Marne_Bois.svg_.png\" alt=\"\" class=\"wp-image-101 size-full\"\/><\/figure><div class=\"wp-block-media-text__content\">\n<p>Joinville Cit\u00e9 for\u00eat b\u00e9n\u00e9ficie du soutien du territoire Paris Est Marne et Bois, en particulier sur la mise en place progressive d&#8217;un r\u00e9seau d&#8217;\u00e9coles impliqu\u00e9es. <\/p>\n<\/div><\/div>\n\n\n\n<div class=\"wp-block-media-text is-stacked-on-mobile\" style=\"grid-template-columns:21% auto\"><figure class=\"wp-block-media-text__media\"><img loading=\"lazy\" decoding=\"async\" width=\"179\" height=\"137\" src=\"https:\/\/citeforet.fr\/wp-content\/uploads\/2026\/02\/Sans-titre.png\" alt=\"\" class=\"wp-image-104 size-full\"\/><\/figure><div class=\"wp-block-media-text__content\">\n<p>Merci au SMITDUVM pour son soutien tr\u00e8s appr\u00e9ciable ! <\/p>\n<\/div><\/div>\n","protected":false},"excerpt":{"rendered":"<p>R\u00e9seaux \u00c9cole \u00e9l\u00e9mentaire du Parangon, Joinville-le-Pont &#8211; niveau 3 du label E3D (d\u00e9veloppement durable dans les \u00e9coles) \u00c9cole maternelle Simone Veil, Joinville-le-Pont &#8211; niveau XX du label E3D Partenaires Tous nos remerciements aux \u00e9lus et aux personnes des services techniques pour leur soutien \u00e0 Joinville Cit\u00e9 for\u00eat d\u00e8s sa cr\u00e9ation ! Joinville Cit\u00e9 for\u00eat b\u00e9n\u00e9ficie [&hellip;]<\/p>\n","protected":false},"author":1,"featured_media":0,"parent":0,"menu_order":0,"comment_status":"closed","ping_status":"closed","template":"","meta":{"footnotes":""},"class_list":["post-93","page","type-page","status-publish","hentry"],"_links":{"self":[{"href":"https:\/\/citeforet.fr\/index.php\/wp-json\/wp\/v2\/pages\/93","targetHints":{"allow":["GET"]}}],"collection":[{"href":"https:\/\/citeforet.fr\/index.php\/wp-json\/wp\/v2\/pages"}],"about":[{"href":"https:\/\/citeforet.fr\/index.php\/wp-json\/wp\/v2\/types\/page"}],"author":[{"embeddable":true,"href":"https:\/\/citeforet.fr\/index.php\/wp-json\/wp\/v2\/users\/1"}],"replies":[{"embeddable":true,"href":"https:\/\/citeforet.fr\/index.php\/wp-json\/wp\/v2\/comments?post=93"}],"version-history":[{"count":6,"href":"https:\/\/citeforet.fr\/index.php\/wp-json\/wp\/v2\/pages\/93\/revisions"}],"predecessor-version":[{"id":164,"href":"https:\/\/citeforet.fr\/index.php\/wp-json\/wp\/v2\/pages\/93\/revisions\/164"}],"wp:attachment":[{"href":"https:\/\/citeforet.fr\/index.php\/wp-json\/wp\/v2\/media?parent=93"}],"curies":[{"name":"wp","href":"https:\/\/api.w.org\/{rel}","templated":true}]}}