{"id":9,"date":"2026-02-03T14:23:50","date_gmt":"2026-02-03T14:23:50","guid":{"rendered":"https:\/\/citeforet.fr\/?page_id=9"},"modified":"2026-02-08T19:05:00","modified_gmt":"2026-02-08T19:05:00","slug":"scolaires","status":"publish","type":"page","link":"https:\/\/citeforet.fr\/index.php\/scolaires\/","title":{"rendered":"scolaires"},"content":{"rendered":"\n<p>Joinville Cit\u00e9 for\u00eat est n\u00e9e dans un contexte scolaire, dans la t\u00eate d&#8217;un prof, puis celles de parents d&#8217;\u00e9l\u00e8ves &#8211; autour d&#8217;activit\u00e9s de permaculture propos\u00e9es aux enfants. Cet ancrage dans les \u00e9coles est un des piliers de l&#8217;action de l&#8217;association &#8211; m\u00eame si elle n&#8217;est plus le seul. Les interventions en milieu scolaire se d\u00e9clinent de diff\u00e9rentes fa\u00e7ons (en scolaire ou en p\u00e9riscolaire, sous forme de s\u00e9ances d&#8217;agro\u00e9cologie urbaine ou d&#8217;initiations \u00e0 la biodiversit\u00e9 locale) et s&#8217;adapte \u00e0 tous les \u00e2ges, de la maternelle au coll\u00e8ge. <br><\/p>\n\n\n\n<p><strong>INTERVENTIONS EN PERMACULTURE <\/strong><\/p>\n\n\n\n<p><\/p>\n\n\n\n<p><strong>INITIATION \u00c0 LA BIODIVERSIT\u00c9 LOCALE<\/strong><\/p>\n\n\n\n<p><\/p>\n\n\n\n<p><strong>LES \u00c9COD\u00c9L\u00c9GU\u00c9S &#8211; Des \u00e9l\u00e8ves ambassadeurs du d\u00e9veloppement durable<\/strong> <\/p>\n\n\n\n<p><\/p>\n\n\n\n<p><\/p>\n","protected":false},"excerpt":{"rendered":"<p>Joinville Cit\u00e9 for\u00eat est n\u00e9e dans un contexte scolaire, dans la t\u00eate d&#8217;un prof, puis celles de parents d&#8217;\u00e9l\u00e8ves &#8211; autour d&#8217;activit\u00e9s de permaculture propos\u00e9es aux enfants. Cet ancrage dans les \u00e9coles est un des piliers de l&#8217;action de l&#8217;association &#8211; m\u00eame si elle n&#8217;est plus le seul. Les interventions en milieu scolaire se d\u00e9clinent [&hellip;]<\/p>\n","protected":false},"author":1,"featured_media":0,"parent":0,"menu_order":0,"comment_status":"closed","ping_status":"closed","template":"","meta":{"footnotes":""},"class_list":["post-9","page","type-page","status-publish","hentry"],"_links":{"self":[{"href":"https:\/\/citeforet.fr\/index.php\/wp-json\/wp\/v2\/pages\/9","targetHints":{"allow":["GET"]}}],"collection":[{"href":"https:\/\/citeforet.fr\/index.php\/wp-json\/wp\/v2\/pages"}],"about":[{"href":"https:\/\/citeforet.fr\/index.php\/wp-json\/wp\/v2\/types\/page"}],"author":[{"embeddable":true,"href":"https:\/\/citeforet.fr\/index.php\/wp-json\/wp\/v2\/users\/1"}],"replies":[{"embeddable":true,"href":"https:\/\/citeforet.fr\/index.php\/wp-json\/wp\/v2\/comments?post=9"}],"version-history":[{"count":7,"href":"https:\/\/citeforet.fr\/index.php\/wp-json\/wp\/v2\/pages\/9\/revisions"}],"predecessor-version":[{"id":173,"href":"https:\/\/citeforet.fr\/index.php\/wp-json\/wp\/v2\/pages\/9\/revisions\/173"}],"wp:attachment":[{"href":"https:\/\/citeforet.fr\/index.php\/wp-json\/wp\/v2\/media?parent=9"}],"curies":[{"name":"wp","href":"https:\/\/api.w.org\/{rel}","templated":true}]}}