{"id":36,"date":"2026-02-03T17:53:18","date_gmt":"2026-02-03T17:53:18","guid":{"rendered":"https:\/\/citeforet.fr\/?page_id=36"},"modified":"2026-02-08T18:31:26","modified_gmt":"2026-02-08T18:31:26","slug":"actions-de-plaidoyer","status":"publish","type":"page","link":"https:\/\/citeforet.fr\/index.php\/actions-de-plaidoyer\/","title":{"rendered":"plaidoyers"},"content":{"rendered":"\n<p>Pour sensibiliser, pour faire avancer le d\u00e9veloppement durable, pour renforcer la biodiversit\u00e9 locale, il est n\u00e9cessaire de communiquer et de convaincre. Nous essayons de le faire de diff\u00e9rentes fa\u00e7ons, soit par des campagnes de plaidoyer aupr\u00e8s des d\u00e9cideurs\/d\u00e9cideuses politiques, soit par des actions de communication en direction des citoyens\/citoyennes ou des scolaires. <\/p>\n\n\n\n<p>&#8220;<strong>TRANSFORMER JOINVILLE EN FOR\u00caT&#8221; &#8211; Interpeller (respectueusement) les listes candidates aux municipales sur leur programme de d\u00e9veloppement durable <\/strong><\/p>\n\n\n\n<div class=\"wp-block-media-text is-stacked-on-mobile\" style=\"grid-template-columns:27% auto\"><figure class=\"wp-block-media-text__media\"><img loading=\"lazy\" decoding=\"async\" width=\"334\" height=\"188\" src=\"https:\/\/citeforet.fr\/wp-content\/uploads\/2026\/02\/Financement-des-campagnes-communes-9000-hab_large.jpg\" alt=\"\" class=\"wp-image-161 size-full\" srcset=\"https:\/\/citeforet.fr\/wp-content\/uploads\/2026\/02\/Financement-des-campagnes-communes-9000-hab_large.jpg 334w, https:\/\/citeforet.fr\/wp-content\/uploads\/2026\/02\/Financement-des-campagnes-communes-9000-hab_large-300x169.jpg 300w\" sizes=\"auto, (max-width: 334px) 100vw, 334px\" \/><\/figure><div class=\"wp-block-media-text__content\">\n<p><em>Joinville Cit\u00e9 for\u00eat a r\u00e9uni un ensemble de propositions, qui reposent sur des \u00ab\u00a0solutions fond\u00e9es sur la nature\u00a0\u00bb et les a soumises aux listes candidates aux \u00e9lection municipales de Joinville-le-Pont. <a href=\"https:\/\/citeforet.fr\/index.php\/pour-qui-voter\/\" data-type=\"page\" data-id=\"119\">Retrouvez ici tous les r\u00e9sultats de cette consultation<\/a> et votez en cons\u00e9quence \ud83d\ude42 Nous remercions chaleureusement les personnes qui ont pris le temps de r\u00e9pondre, dans un moment pourtant tr\u00e8s charg\u00e9 pour les candidat.es ! <\/em><\/p>\n<\/div><\/div>\n\n\n\n<p><strong>PLAIDOYER POUR DES ARBRES NON MUTIL\u00c9S &#8211; Stop \u00e0 la coupe en rideau ! <\/strong><\/p>\n\n\n\n<div class=\"wp-block-media-text is-stacked-on-mobile\" style=\"grid-template-columns:27% auto\"><figure class=\"wp-block-media-text__media\"><img loading=\"lazy\" decoding=\"async\" width=\"768\" height=\"1024\" src=\"https:\/\/citeforet.fr\/wp-content\/uploads\/2026\/02\/WhatsApp-Image-2026-02-02-at-15.17.15-768x1024.jpeg\" alt=\"\" class=\"wp-image-159 size-full\" srcset=\"https:\/\/citeforet.fr\/wp-content\/uploads\/2026\/02\/WhatsApp-Image-2026-02-02-at-15.17.15-768x1024.jpeg 768w, https:\/\/citeforet.fr\/wp-content\/uploads\/2026\/02\/WhatsApp-Image-2026-02-02-at-15.17.15-225x300.jpeg 225w, https:\/\/citeforet.fr\/wp-content\/uploads\/2026\/02\/WhatsApp-Image-2026-02-02-at-15.17.15-1152x1536.jpeg 1152w, https:\/\/citeforet.fr\/wp-content\/uploads\/2026\/02\/WhatsApp-Image-2026-02-02-at-15.17.15.jpeg 1536w\" sizes=\"auto, (max-width: 768px) 100vw, 768px\" \/><\/figure><div class=\"wp-block-media-text__content\">\n<p><em>De plus en plus de commune abandonnent la taille drastique des grands arbres pour passer au &#8220;port naturel&#8221; &#8211; o\u00f9 il s&#8217;agit plus de guider et d&#8217;\u00e9laguer avec parcimonie plut\u00f4t que de &#8220;ratiboiser&#8221;. Tenir des arbres en port naturel sur une commune n&#8217;a que des avantages : plus de biodiversit\u00e9, plus d&#8217;ombre au-dessus de nos routes (ce qui n&#8217;est pas n\u00e9gligeable lors de canicules), plus de surface de photosynth\u00e8se pour filtrer l&#8217;air urbain&#8230; Joinville Cit\u00e9 for\u00eat milite pour que les municipalit\u00e9s s&#8217;emparent de cette question et puisse changer progressivement leurs pratiques. <\/em><\/p>\n<\/div><\/div>\n\n\n\n<p><strong>PLAIDOYER POUR LA BIODIVERSIT\u00c9 LOCALE &#8211; Connaissez-vous les choupissons ? <\/strong><\/p>\n\n\n\n<div class=\"wp-block-media-text is-stacked-on-mobile\" style=\"grid-template-columns:23% auto\"><figure class=\"wp-block-media-text__media\"><img loading=\"lazy\" decoding=\"async\" width=\"1024\" height=\"1024\" src=\"https:\/\/citeforet.fr\/wp-content\/uploads\/2026\/02\/Herisson-1.png\" alt=\"\" class=\"wp-image-155 size-full\" srcset=\"https:\/\/citeforet.fr\/wp-content\/uploads\/2026\/02\/Herisson-1.png 1024w, https:\/\/citeforet.fr\/wp-content\/uploads\/2026\/02\/Herisson-1-300x300.png 300w, https:\/\/citeforet.fr\/wp-content\/uploads\/2026\/02\/Herisson-1-150x150.png 150w, https:\/\/citeforet.fr\/wp-content\/uploads\/2026\/02\/Herisson-1-768x768.png 768w\" sizes=\"auto, (max-width: 1024px) 100vw, 1024px\" \/><\/figure><div class=\"wp-block-media-text__content\">\n<p><em>\u00c0 travers trois affiches, distribu\u00e9es dans certaines \u00e9coles de Joinville-le-Pont, nous proposons une information synth\u00e9tique sur les h\u00e9rissons (et leurs petits, que l&#8217;on peut appeler des choupissons !), sur les chats et les oiseaux &#8211; assortie \u00e0 chaque fois de conseils pratiques. <\/em>T\u00e9l\u00e9charger <em><a href=\"https:\/\/citeforet.fr\/wp-content\/uploads\/2026\/02\/AFFICHEoiseaux-FINALE.pdf\">Affiche Oiseau <\/a><\/em>; <em><a href=\"https:\/\/citeforet.fr\/wp-content\/uploads\/2026\/02\/AFFICHEherissons-FINALE.pdf\">Affiche H\u00e9risson<\/a><\/em> ; <em><a href=\"https:\/\/citeforet.fr\/wp-content\/uploads\/2026\/02\/AFFICHEchats-FINALE.pdf\">Affiche Chat<\/a><\/em><\/p>\n<\/div><\/div>\n","protected":false},"excerpt":{"rendered":"<p>Pour sensibiliser, pour faire avancer le d\u00e9veloppement durable, pour renforcer la biodiversit\u00e9 locale, il est n\u00e9cessaire de communiquer et de convaincre. Nous essayons de le faire de diff\u00e9rentes fa\u00e7ons, soit par des campagnes de plaidoyer aupr\u00e8s des d\u00e9cideurs\/d\u00e9cideuses politiques, soit par des actions de communication en direction des citoyens\/citoyennes ou des scolaires. &#8220;TRANSFORMER JOINVILLE EN [&hellip;]<\/p>\n","protected":false},"author":1,"featured_media":0,"parent":0,"menu_order":0,"comment_status":"closed","ping_status":"closed","template":"","meta":{"footnotes":""},"class_list":["post-36","page","type-page","status-publish","hentry"],"_links":{"self":[{"href":"https:\/\/citeforet.fr\/index.php\/wp-json\/wp\/v2\/pages\/36","targetHints":{"allow":["GET"]}}],"collection":[{"href":"https:\/\/citeforet.fr\/index.php\/wp-json\/wp\/v2\/pages"}],"about":[{"href":"https:\/\/citeforet.fr\/index.php\/wp-json\/wp\/v2\/types\/page"}],"author":[{"embeddable":true,"href":"https:\/\/citeforet.fr\/index.php\/wp-json\/wp\/v2\/users\/1"}],"replies":[{"embeddable":true,"href":"https:\/\/citeforet.fr\/index.php\/wp-json\/wp\/v2\/comments?post=36"}],"version-history":[{"count":18,"href":"https:\/\/citeforet.fr\/index.php\/wp-json\/wp\/v2\/pages\/36\/revisions"}],"predecessor-version":[{"id":162,"href":"https:\/\/citeforet.fr\/index.php\/wp-json\/wp\/v2\/pages\/36\/revisions\/162"}],"wp:attachment":[{"href":"https:\/\/citeforet.fr\/index.php\/wp-json\/wp\/v2\/media?parent=36"}],"curies":[{"name":"wp","href":"https:\/\/api.w.org\/{rel}","templated":true}]}}