{"id":13,"date":"2026-02-03T14:25:03","date_gmt":"2026-02-03T14:25:03","guid":{"rendered":"https:\/\/citeforet.fr\/?page_id=13"},"modified":"2026-02-08T18:53:42","modified_gmt":"2026-02-08T18:53:42","slug":"soutenir","status":"publish","type":"page","link":"https:\/\/citeforet.fr\/index.php\/soutenir\/","title":{"rendered":"nous soutenir"},"content":{"rendered":"\n<p><strong>En devenant adh\u00e9rent.e de Joinville Cit\u00e9 for\u00eat (\u00e0 partir de 2 euros)<\/strong> <\/p>\n\n\n\n<div class=\"wp-block-media-text is-stacked-on-mobile\" style=\"grid-template-columns:31% auto\"><figure class=\"wp-block-media-text__media\"><img loading=\"lazy\" decoding=\"async\" width=\"1024\" height=\"512\" src=\"https:\/\/citeforet.fr\/wp-content\/uploads\/2026\/02\/Helloasso-logo-1024x512.png\" alt=\"\" class=\"wp-image-146 size-full\" srcset=\"https:\/\/citeforet.fr\/wp-content\/uploads\/2026\/02\/Helloasso-logo-1024x512.png 1024w, https:\/\/citeforet.fr\/wp-content\/uploads\/2026\/02\/Helloasso-logo-300x150.png 300w, https:\/\/citeforet.fr\/wp-content\/uploads\/2026\/02\/Helloasso-logo-768x384.png 768w, https:\/\/citeforet.fr\/wp-content\/uploads\/2026\/02\/Helloasso-logo.png 1080w\" sizes=\"auto, (max-width: 1024px) 100vw, 1024px\" \/><\/figure><div class=\"wp-block-media-text__content\">\n<p><em>En devenant adh\u00e9rent.e et en renouvelant votre adh\u00e9sion \u00e0 \u00e9ch\u00e9ance, non seulement vous signifiez votre soutien \u00e0 notre initiative, mais en plus vous nous aidez \u00e0 convaincre les financeurs de nous appuyer (car le nombre d&#8217;adh\u00e9rent.es est demand\u00e9 dans les dossiers de demandes de subvention). Notez que les dons \u00e0 l&#8217;association ouvrent droit \u00e0 une d\u00e9duction des imp\u00f4ts. <a href=\"https:\/\/www.helloasso.com\/associations\/joinville-cite-foret\">Pour nous soutenir en adh\u00e9rent ou en faisant un don, c&#8217;est ici ! <\/a><\/em><\/p>\n<\/div><\/div>\n\n\n\n<p class=\"has-contrast-color has-text-color has-link-color wp-elements-5979833200880abd5a4e51294ae2a2ec\"><strong>En assistant \u00e0 une conf\u00e9rence, \u00e0 une animation <\/strong><\/p>\n\n\n\n<div class=\"wp-block-media-text is-stacked-on-mobile\" style=\"grid-template-columns:32% auto\"><figure class=\"wp-block-media-text__media\"><img loading=\"lazy\" decoding=\"async\" width=\"728\" height=\"728\" src=\"https:\/\/citeforet.fr\/wp-content\/uploads\/2026\/02\/Screenshot-2026-02-08-at-19-07-40-9-Instagram.png\" alt=\"\" class=\"wp-image-148 size-full\" srcset=\"https:\/\/citeforet.fr\/wp-content\/uploads\/2026\/02\/Screenshot-2026-02-08-at-19-07-40-9-Instagram.png 728w, https:\/\/citeforet.fr\/wp-content\/uploads\/2026\/02\/Screenshot-2026-02-08-at-19-07-40-9-Instagram-300x300.png 300w, https:\/\/citeforet.fr\/wp-content\/uploads\/2026\/02\/Screenshot-2026-02-08-at-19-07-40-9-Instagram-150x150.png 150w\" sizes=\"auto, (max-width: 728px) 100vw, 728px\" \/><\/figure><div class=\"wp-block-media-text__content\">\n<p><em>Tout au long de l&#8217;ann\u00e9e, quelques conf\u00e9rences et animations vous sont propos\u00e9es par Joinville Cit\u00e9 for\u00eat (par exemple, \u00e0 la vannerie champ\u00eatre, comme illustr\u00e9 ici). En participant, vous nous permettez de poursuivre ce cycle de rencontres et d&#8217;ateliers. <a href=\"https:\/\/citeforet.fr\/index.php\/conferences-et-formations\/\">En savoir plus.<\/a><\/em><\/p>\n<\/div><\/div>\n\n\n\n<p><strong>En achetant des plantes sur nos stands<\/strong><\/p>\n\n\n\n<div class=\"wp-block-media-text is-stacked-on-mobile\" style=\"grid-template-columns:32% auto\"><figure class=\"wp-block-media-text__media\"><img loading=\"lazy\" decoding=\"async\" width=\"652\" height=\"438\" src=\"https:\/\/citeforet.fr\/wp-content\/uploads\/2026\/02\/istock-1137926593.jpg\" alt=\"\" class=\"wp-image-151 size-full\" srcset=\"https:\/\/citeforet.fr\/wp-content\/uploads\/2026\/02\/istock-1137926593.jpg 652w, https:\/\/citeforet.fr\/wp-content\/uploads\/2026\/02\/istock-1137926593-300x202.jpg 300w\" sizes=\"auto, (max-width: 652px) 100vw, 652px\" \/><\/figure><div class=\"wp-block-media-text__content\">\n<p><em>Deux ou trois fois par an, nous pr\u00e9sentons nos actions et nous en profitons pour proposer de petites ventes de plantes, de nichoirs et de mangeoires (en partenariat avec des associations locales).<\/em><\/p>\n<\/div><\/div>\n\n\n\n<p><strong>En nous donnant des coups de main pour pelleter, terrasser, planter<\/strong> <\/p>\n\n\n\n<div class=\"wp-block-media-text is-stacked-on-mobile\" style=\"grid-template-columns:32% auto\"><figure class=\"wp-block-media-text__media\"><img loading=\"lazy\" decoding=\"async\" width=\"1024\" height=\"768\" src=\"https:\/\/citeforet.fr\/wp-content\/uploads\/2026\/02\/IMG_0087-1024x768.jpg\" alt=\"\" class=\"wp-image-153 size-full\" srcset=\"https:\/\/citeforet.fr\/wp-content\/uploads\/2026\/02\/IMG_0087-1024x768.jpg 1024w, https:\/\/citeforet.fr\/wp-content\/uploads\/2026\/02\/IMG_0087-300x225.jpg 300w, https:\/\/citeforet.fr\/wp-content\/uploads\/2026\/02\/IMG_0087-768x576.jpg 768w, https:\/\/citeforet.fr\/wp-content\/uploads\/2026\/02\/IMG_0087-1536x1152.jpg 1536w, https:\/\/citeforet.fr\/wp-content\/uploads\/2026\/02\/IMG_0087-2048x1536.jpg 2048w\" sizes=\"auto, (max-width: 1024px) 100vw, 1024px\" \/><\/figure><div class=\"wp-block-media-text__content\">\n<p><em>Les parcelles et les espaces de biodiversit\u00e9 g\u00e9r\u00e9es par Joinville Cit\u00e9 for\u00eat n\u00e9cessitent parfois que des &#8220;corv\u00e9es&#8221; collectives soient organis\u00e9es pour avancer sur un projet. L&#8217;occasion de mettre les mains dans la terre en bonne compagnie !<\/em><\/p>\n<\/div><\/div>\n\n\n\n<p><\/p>\n","protected":false},"excerpt":{"rendered":"<p>En devenant adh\u00e9rent.e de Joinville Cit\u00e9 for\u00eat (\u00e0 partir de 2 euros) En devenant adh\u00e9rent.e et en renouvelant votre adh\u00e9sion \u00e0 \u00e9ch\u00e9ance, non seulement vous signifiez votre soutien \u00e0 notre initiative, mais en plus vous nous aidez \u00e0 convaincre les financeurs de nous appuyer (car le nombre d&#8217;adh\u00e9rent.es est demand\u00e9 dans les dossiers de demandes [&hellip;]<\/p>\n","protected":false},"author":1,"featured_media":0,"parent":0,"menu_order":0,"comment_status":"closed","ping_status":"closed","template":"","meta":{"footnotes":""},"class_list":["post-13","page","type-page","status-publish","hentry"],"_links":{"self":[{"href":"https:\/\/citeforet.fr\/index.php\/wp-json\/wp\/v2\/pages\/13","targetHints":{"allow":["GET"]}}],"collection":[{"href":"https:\/\/citeforet.fr\/index.php\/wp-json\/wp\/v2\/pages"}],"about":[{"href":"https:\/\/citeforet.fr\/index.php\/wp-json\/wp\/v2\/types\/page"}],"author":[{"embeddable":true,"href":"https:\/\/citeforet.fr\/index.php\/wp-json\/wp\/v2\/users\/1"}],"replies":[{"embeddable":true,"href":"https:\/\/citeforet.fr\/index.php\/wp-json\/wp\/v2\/comments?post=13"}],"version-history":[{"count":19,"href":"https:\/\/citeforet.fr\/index.php\/wp-json\/wp\/v2\/pages\/13\/revisions"}],"predecessor-version":[{"id":170,"href":"https:\/\/citeforet.fr\/index.php\/wp-json\/wp\/v2\/pages\/13\/revisions\/170"}],"wp:attachment":[{"href":"https:\/\/citeforet.fr\/index.php\/wp-json\/wp\/v2\/media?parent=13"}],"curies":[{"name":"wp","href":"https:\/\/api.w.org\/{rel}","templated":true}]}}