{"id":119,"date":"2026-02-04T21:39:55","date_gmt":"2026-02-04T21:39:55","guid":{"rendered":"https:\/\/citeforet.fr\/?page_id=119"},"modified":"2026-02-24T17:23:52","modified_gmt":"2026-02-24T17:23:52","slug":"pour-qui-voter","status":"publish","type":"page","link":"https:\/\/citeforet.fr\/index.php\/pour-qui-voter\/","title":{"rendered":"pour qui voter ?"},"content":{"rendered":"\n<p>Joinville Cit\u00e9 for\u00eat est une association APOLITIQUE. Il est donc bien \u00e9vident que nous ne prenons pas parti, pour aucune liste qui se pr\u00e9sente \u00e0 Joinville-le-Pont. Mais nous avons souhait\u00e9 consulter les candidat.es sur les actions qu&#8217;ils et elles souhaitent mettre en place pour la prochaine mandature en mati\u00e8re de d\u00e9veloppement durable. Nous ne commenterons pas les r\u00e9sultats de cette consultation ; nous les mettons simplement \u00e0 disposition des \u00e9lecteurs et \u00e9lectrices, pour qu&#8217;ils et elles se fassent leur propre id\u00e9e. Nous remercions tr\u00e8s chaleureusement toutes les personnes qui ont pris le temps de r\u00e9pondre \u00e0 cette consultation, dans un moment pourtant tr\u00e8s charg\u00e9 pour les candidat.es. <\/p>\n\n\n\n<p><a href=\"https:\/\/docs.google.com\/forms\/d\/1PWUU4bkEGGB3HB9OSRjUUjEGq3eSLXOLbhifQ3nbS-E\/viewanalytics?pli=1&amp;pli=1\"><strong>Les r\u00e9ponses des listes candidates au questionnaire, c&#8217;est ici ! <\/strong><\/a><\/p>\n\n\n\n<p><\/p>\n","protected":false},"excerpt":{"rendered":"<p>Joinville Cit\u00e9 for\u00eat est une association APOLITIQUE. Il est donc bien \u00e9vident que nous ne prenons pas parti, pour aucune liste qui se pr\u00e9sente \u00e0 Joinville-le-Pont. Mais nous avons souhait\u00e9 consulter les candidat.es sur les actions qu&#8217;ils et elles souhaitent mettre en place pour la prochaine mandature en mati\u00e8re de d\u00e9veloppement durable. Nous ne commenterons [&hellip;]<\/p>\n","protected":false},"author":1,"featured_media":0,"parent":0,"menu_order":0,"comment_status":"closed","ping_status":"closed","template":"","meta":{"footnotes":""},"class_list":["post-119","page","type-page","status-publish","hentry"],"_links":{"self":[{"href":"https:\/\/citeforet.fr\/index.php\/wp-json\/wp\/v2\/pages\/119","targetHints":{"allow":["GET"]}}],"collection":[{"href":"https:\/\/citeforet.fr\/index.php\/wp-json\/wp\/v2\/pages"}],"about":[{"href":"https:\/\/citeforet.fr\/index.php\/wp-json\/wp\/v2\/types\/page"}],"author":[{"embeddable":true,"href":"https:\/\/citeforet.fr\/index.php\/wp-json\/wp\/v2\/users\/1"}],"replies":[{"embeddable":true,"href":"https:\/\/citeforet.fr\/index.php\/wp-json\/wp\/v2\/comments?post=119"}],"version-history":[{"count":6,"href":"https:\/\/citeforet.fr\/index.php\/wp-json\/wp\/v2\/pages\/119\/revisions"}],"predecessor-version":[{"id":174,"href":"https:\/\/citeforet.fr\/index.php\/wp-json\/wp\/v2\/pages\/119\/revisions\/174"}],"wp:attachment":[{"href":"https:\/\/citeforet.fr\/index.php\/wp-json\/wp\/v2\/media?parent=119"}],"curies":[{"name":"wp","href":"https:\/\/api.w.org\/{rel}","templated":true}]}}