{"id":11,"date":"2026-02-03T14:24:25","date_gmt":"2026-02-03T14:24:25","guid":{"rendered":"https:\/\/citeforet.fr\/?page_id=11"},"modified":"2026-02-08T18:00:33","modified_gmt":"2026-02-08T18:00:33","slug":"conferences-et-formations","status":"publish","type":"page","link":"https:\/\/citeforet.fr\/index.php\/conferences-et-formations\/","title":{"rendered":"conf\u00e9rences et animations"},"content":{"rendered":"\n<p>Joinville Cit\u00e9 for\u00eat organise des conf\u00e9rences en plein air (par exemple sur les champignons, lors d&#8217;une balade mycologique dans le bois de Vincennes), ou bien en int\u00e9rieur. Nous proposons aussi ponctuellement des initiations (aux arbres, \u00e0 la permaculture). <\/p>\n\n\n\n<p><strong>CONF\u00c9RENCE<\/strong> &#8211; <strong>7 f\u00e9vrier 2026 &#8211; Les champignons hallucinog\u00e8nes : du Mexique \u00e0 la m\u00e9decine psych\u00e9d\u00e9lique<\/strong><\/p>\n\n\n\n<div class=\"wp-block-media-text is-stacked-on-mobile\" style=\"grid-template-columns:28% auto\"><figure class=\"wp-block-media-text__media\"><img loading=\"lazy\" decoding=\"async\" width=\"830\" height=\"1024\" src=\"https:\/\/citeforet.fr\/wp-content\/uploads\/2026\/02\/Affichette-Champignons-psy-detail-830x1024.jpeg\" alt=\"\" class=\"wp-image-142 size-full\" srcset=\"https:\/\/citeforet.fr\/wp-content\/uploads\/2026\/02\/Affichette-Champignons-psy-detail-830x1024.jpeg 830w, https:\/\/citeforet.fr\/wp-content\/uploads\/2026\/02\/Affichette-Champignons-psy-detail-243x300.jpeg 243w, https:\/\/citeforet.fr\/wp-content\/uploads\/2026\/02\/Affichette-Champignons-psy-detail-768x948.jpeg 768w, https:\/\/citeforet.fr\/wp-content\/uploads\/2026\/02\/Affichette-Champignons-psy-detail.jpeg 845w\" sizes=\"auto, (max-width: 830px) 100vw, 830px\" \/><\/figure><div class=\"wp-block-media-text__content\">\n<p><em>Nous avons poursuivi notre cycle sur les champignons par une conf\u00e9rence pr\u00e9sent\u00e9e par <strong>Vincent Verroust<\/strong>, Joinvillais, Docteur en \u00e9pist\u00e9mologie, chercheur post-doctoral en \u00e9tudes psych\u00e9deliques \u00e0 l\u2019Universit\u00e9 de Paris &#8211; Cit\u00e9, chercheur associ\u00e9 \u00e0 l\u2019UR PSYCOMAdd (CHU Paul Brousse), enseignant \u00ab\u00a0Sciences et Soci\u00e9t\u00e9\u00a0\u00bb \u00e0 Sciences Po Paris. La rencontre a \u00e9t\u00e9 un franc succ\u00e8s, avec plus d&#8217;une quarantaine de participant.es passionn\u00e9.es. <a href=\"https:\/\/drive.google.com\/drive\/u\/2\/folders\/11nst62yLs1DU9akNIgUZCkVvCf0Uae4D\">Voir les photos de la conf\u00e9rence.<\/a>  <\/em><\/p>\n<\/div><\/div>\n\n\n\n<p><\/p>\n\n\n\n<p><strong>RENDEZ-VOUS &#8211; Stand \u00e0 la Journ\u00e9e du d\u00e9veloppement durable de Joinville-le-Pont<\/strong> <strong>&#8211; mai 2026<\/strong><\/p>\n\n\n\n<div class=\"wp-block-media-text is-stacked-on-mobile\" style=\"grid-template-columns:33% auto\"><figure class=\"wp-block-media-text__media\"><img loading=\"lazy\" decoding=\"async\" width=\"1024\" height=\"546\" src=\"https:\/\/citeforet.fr\/wp-content\/uploads\/2026\/02\/VISUEL-SITE-JDDpng-1-2048x1092-1-1024x546.jpg\" alt=\"\" class=\"wp-image-144 size-full\" srcset=\"https:\/\/citeforet.fr\/wp-content\/uploads\/2026\/02\/VISUEL-SITE-JDDpng-1-2048x1092-1-1024x546.jpg 1024w, https:\/\/citeforet.fr\/wp-content\/uploads\/2026\/02\/VISUEL-SITE-JDDpng-1-2048x1092-1-300x160.jpg 300w, https:\/\/citeforet.fr\/wp-content\/uploads\/2026\/02\/VISUEL-SITE-JDDpng-1-2048x1092-1-768x410.jpg 768w, https:\/\/citeforet.fr\/wp-content\/uploads\/2026\/02\/VISUEL-SITE-JDDpng-1-2048x1092-1-1536x819.jpg 1536w, https:\/\/citeforet.fr\/wp-content\/uploads\/2026\/02\/VISUEL-SITE-JDDpng-1-2048x1092-1.jpg 2048w\" sizes=\"auto, (max-width: 1024px) 100vw, 1024px\" \/><\/figure><div class=\"wp-block-media-text__content\">\n<p><em>Nous serons pr\u00e9sents, comme tous les ans, \u00e0 la Journ\u00e9e du d\u00e9veloppement durable organis\u00e9e par la Mairie de Joinville-le-Pont. Venez d\u00e9couvrir sur notre stand nos activit\u00e9s et profitez-en pour repartir avec une plante, un nichoir ou une mangeoire ! <\/em><\/p>\n<\/div><\/div>\n\n\n\n<p><\/p>\n","protected":false},"excerpt":{"rendered":"<p>Joinville Cit\u00e9 for\u00eat organise des conf\u00e9rences en plein air (par exemple sur les champignons, lors d&#8217;une balade mycologique dans le bois de Vincennes), ou bien en int\u00e9rieur. Nous proposons aussi ponctuellement des initiations (aux arbres, \u00e0 la permaculture). CONF\u00c9RENCE &#8211; 7 f\u00e9vrier 2026 &#8211; Les champignons hallucinog\u00e8nes : du Mexique \u00e0 la m\u00e9decine psych\u00e9d\u00e9lique Nous [&hellip;]<\/p>\n","protected":false},"author":1,"featured_media":0,"parent":0,"menu_order":0,"comment_status":"closed","ping_status":"closed","template":"","meta":{"footnotes":""},"class_list":["post-11","page","type-page","status-publish","hentry"],"_links":{"self":[{"href":"https:\/\/citeforet.fr\/index.php\/wp-json\/wp\/v2\/pages\/11","targetHints":{"allow":["GET"]}}],"collection":[{"href":"https:\/\/citeforet.fr\/index.php\/wp-json\/wp\/v2\/pages"}],"about":[{"href":"https:\/\/citeforet.fr\/index.php\/wp-json\/wp\/v2\/types\/page"}],"author":[{"embeddable":true,"href":"https:\/\/citeforet.fr\/index.php\/wp-json\/wp\/v2\/users\/1"}],"replies":[{"embeddable":true,"href":"https:\/\/citeforet.fr\/index.php\/wp-json\/wp\/v2\/comments?post=11"}],"version-history":[{"count":10,"href":"https:\/\/citeforet.fr\/index.php\/wp-json\/wp\/v2\/pages\/11\/revisions"}],"predecessor-version":[{"id":145,"href":"https:\/\/citeforet.fr\/index.php\/wp-json\/wp\/v2\/pages\/11\/revisions\/145"}],"wp:attachment":[{"href":"https:\/\/citeforet.fr\/index.php\/wp-json\/wp\/v2\/media?parent=11"}],"curies":[{"name":"wp","href":"https:\/\/api.w.org\/{rel}","templated":true}]}}